{"id":2180,"date":"2021-04-11T12:42:19","date_gmt":"2021-04-11T10:42:19","guid":{"rendered":"https:\/\/www.lodnici.sk\/?page_id=2180"},"modified":"2022-06-16T08:16:08","modified_gmt":"2022-06-16T06:16:08","slug":"linky","status":"publish","type":"page","link":"https:\/\/www.lodnici.sk\/en\/linky\/","title":{"rendered":"Useful links"},"content":{"rendered":"<section class=\"wpb-content-wrapper\"><p>[vc_row][vc_column width=&#8221;1\/3&#8243;][vc_column_text]<\/p>\n<h3>Dopravn\u00fd \u00farad<\/h3>\n<p><a href=\"http:\/\/plavba.nsat.sk\/\">plavba.nsat.sk<\/a><br \/>\n<a href=\"https:\/\/www.binnenvaartkennis.nl\/\">www.binnenvaartkennis.nl<\/a><\/p>\n<h3>Kontakty v Nemecku<\/h3>\n<p><a href=\"http:\/\/www.wasserschutzpolizei.de\/\">www.wasserschutzpolizei.de<\/a><br \/>\n<a href=\"https:\/\/www.wsa-rhein.wsv.de\/Webs\/WSA\/Rhein\/DE\/Startseite\/startseite_node.html?fbclid=IwAR3-X-Mt1DuKl-hyYajJXYIjn43X9pBj4bc_F2UzQB8HndSIRX--z3oJ2nU\">www.wsa-rhein.wsv.de<\/a><\/p>\n<h3>Vodn\u00fd stav -pegle<\/h3>\n<p><a href=\"http:\/\/www.shmu.sk\/sk\/?page=765\">www.shmu.sk<\/a><br \/>\n<a href=\"https:\/\/www.elwis.de\/\">www.elwis.de<\/a><br \/>\n<a href=\"https:\/\/www.lavdis.cz\/\">www.lavdis.cz<\/a><\/p>\n<h3>COVID-19<\/h3>\n<p><a href=\"https:\/\/korona.gov.sk\/\">korona.gov.sk<\/a><br \/>\n<a href=\"https:\/\/www.rki.de\/DE\/Home\/homepage_node.html\">www.rki.de<\/a><\/p>\n<h3>Holandsk\u00e9 a Lux zast\u00fapenie pr\u00e1vne<\/h3>\n<p>\u010clenovia OZ v\u00fdhody<br \/>\n<a href=\"https:\/\/vanickova.com\/\">vanickova.com<\/a><\/p>\n<p>Odbory Lux:<br \/>\n<a href=\"http:\/\/www.ogbl.lu\/\">www.ogbl.lu<\/a>[\/vc_column_text][\/vc_column][vc_column width=&#8221;1\/3&#8243;][vc_column_text]<\/p>\n<h3>Vzdel\u00e1vanie, osved\u010denia, kurzy, patenty<\/h3>\n<p>SR<\/p>\n<p><a href=\"http:\/\/www.kvd.uniza.sk\/sk\">www.kvd.uniza.sk<\/a><br \/>\n<a href=\"http:\/\/www.studujdopravu.sk\/\">www.studujdopravu.sk<\/a><br \/>\n<a href=\"https:\/\/www.dgsa-academy.sk\/\">www.dgsa-academy.sk<\/a><br \/>\n<a href=\"https:\/\/www.dgsa-consulting.sk\/\">www.dgsa-consulting.sk<\/a><br \/>\n<a href=\"https:\/\/www.yachter.sk\/charter-kurzy\/skoliace-stredisko%E2%80%93kapitanske-preukazy.htm\">www.yachter.sk<\/a><\/p>\n<p>BE<br \/>\n<a href=\"https:\/\/www.syntra.be\/nl\">www.syntra.be<\/a><\/p>\n<p>NL<br \/>\n<a href=\"https:\/\/www.cbr.nl\/nl\/service\/nl\/artikel\/examencentrum-amsterdam-3.htm\">www.cbr.nl<\/a><\/p>\n<p>D<br \/>\n<a href=\"https:\/\/shipping-trainingscenter.de\/?page_id=48&amp;fbclid=IwAR0EOWRbE5bgMyJRLtU9DAgUuMDADQnh1MT4gzTzzNg7qxPblpKxHkledyo\">shipping-trainingscenter.de<\/a><br \/>\n<a href=\"https:\/\/www.akademie-barth.de\">www.akademie-barth.de<\/a>[\/vc_column_text][\/vc_column][vc_column width=&#8221;1\/3&#8243;][vc_column_text]<\/p>\n<h3>Kontakty pr\u00e1ca, zamestnanie, brig\u00e1dy &#8230;<\/h3>\n<p><a href=\"http:\/\/www.hgk.de\/hgk\/toechter-und-beteiligungen\/hgk-shipping\">www.hgk.de<\/a><br \/>\n<a href=\"https:\/\/www.rotex.lu\/de\/home-de\/\">www.rotex.lu<\/a><br \/>\n<a href=\"https:\/\/tmlg.eu\/\">tmlg.eu<\/a><br \/>\n<a href=\"https:\/\/www.vikingrivercruises.co.uk\/\">www.vikingrivercruises.co.uk<\/a><br \/>\n<a href=\"https:\/\/www.wijgaart.com\/home\">www.wijgaart.com<\/a><br \/>\n<a href=\"http:\/\/universeshipping.nl\/\">universeshipping.nl<\/a><br \/>\n<a href=\"https:\/\/fluvia.eu\/\">fluvia.eu<\/a><br \/>\n<a href=\"http:\/\/hwww.interstreambarging.com\/\">hwww.interstreambarging.com<\/a><br \/>\n<a href=\"https:\/\/naval-barging.com\/en\/\">naval-barging.com<\/a><br \/>\n<a href=\"https:\/\/www.unibarge.nl\/\">www.unibarge.nl<\/a><br \/>\n<a href=\"https:\/\/www.plouvier.be\/en\/home\/\">www.plouvier.be<\/a><br \/>\n<a href=\"https:\/\/www.neco.ch\/\">www.neco.ch<\/a><br \/>\n<a href=\"http:\/\/www.uniworld.com\/\">www.uniworld.com<\/a>[\/vc_column_text][\/vc_column][\/vc_row]<\/p>\n<\/section>","protected":false},"excerpt":{"rendered":"<p>[vc_row][vc_column width=&#8221;1\/3&#8243;][vc_column_text] Dopravn\u00fd \u00farad plavba.nsat.sk www.binnenvaartkennis.nl Kontakty v Nemecku www.wasserschutzpolizei.de www.wsa-rhein.wsv.de Vodn\u00fd stav -pegle www.shmu.sk www.elwis.de www.lavdis.cz COVID-19 korona.gov.sk www.rki.de Holandsk\u00e9 a Lux zast\u00fapenie pr\u00e1vne \u010clenovia OZ v\u00fdhody vanickova.com Odbory Lux: www.ogbl.lu[\/vc_column_text][\/vc_column][vc_column width=&#8221;1\/3&#8243;][vc_column_text] Vzdel\u00e1vanie, osved\u010denia, kurzy, patenty SR www.kvd.uniza.sk www.studujdopravu.sk www.dgsa-academy.sk www.dgsa-consulting.sk www.yachter.sk BE www.syntra.be NL www.cbr.nl D shipping-trainingscenter.de www.akademie-barth.de[\/vc_column_text][\/vc_column][vc_column width=&#8221;1\/3&#8243;][vc_column_text] Kontakty pr\u00e1ca, zamestnanie, brig\u00e1dy&hellip;<\/p>\n","protected":false},"author":1,"featured_media":0,"parent":0,"menu_order":1,"comment_status":"closed","ping_status":"closed","template":"","meta":[],"aioseo_notices":[],"_links":{"self":[{"href":"https:\/\/www.lodnici.sk\/en\/wp-json\/wp\/v2\/pages\/2180"}],"collection":[{"href":"https:\/\/www.lodnici.sk\/en\/wp-json\/wp\/v2\/pages"}],"about":[{"href":"https:\/\/www.lodnici.sk\/en\/wp-json\/wp\/v2\/types\/page"}],"author":[{"embeddable":true,"href":"https:\/\/www.lodnici.sk\/en\/wp-json\/wp\/v2\/users\/1"}],"replies":[{"embeddable":true,"href":"https:\/\/www.lodnici.sk\/en\/wp-json\/wp\/v2\/comments?post=2180"}],"version-history":[{"count":1,"href":"https:\/\/www.lodnici.sk\/en\/wp-json\/wp\/v2\/pages\/2180\/revisions"}],"predecessor-version":[{"id":2271,"href":"https:\/\/www.lodnici.sk\/en\/wp-json\/wp\/v2\/pages\/2180\/revisions\/2271"}],"wp:attachment":[{"href":"https:\/\/www.lodnici.sk\/en\/wp-json\/wp\/v2\/media?parent=2180"}],"curies":[{"name":"wp","href":"https:\/\/api.w.org\/{rel}","templated":true}]}}