{"id":306,"date":"2016-02-08T11:11:50","date_gmt":"2016-02-08T11:11:50","guid":{"rendered":"https:\/\/the7.io\/marketing-agency\/?page_id=306"},"modified":"2021-04-11T12:58:13","modified_gmt":"2021-04-11T10:58:13","slug":"akcie-a-podujatia","status":"publish","type":"page","link":"https:\/\/www.lodnici.sk\/de\/akcie-a-podujatia\/","title":{"rendered":"Veranstaltungen"},"content":{"rendered":"<section class=\"wpb-content-wrapper\"><p>[vc_row][vc_column]<style type=\"text\/css\" data-type=\"the7_shortcodes-inline-css\">.blog-shortcode.blog-list-shortcode-id-580bb17d80f84055d95dde204e07eb0d.dividers-on.classic-layout-list article {\n  margin-top: 50px;\n  padding-top: 0;\n}\n.blog-shortcode.blog-list-shortcode-id-580bb17d80f84055d95dde204e07eb0d.dividers-on.classic-layout-list article:first-of-type {\n  margin-top: 0;\n  padding-top: 0;\n}\n.blog-shortcode.blog-list-shortcode-id-580bb17d80f84055d95dde204e07eb0d.classic-layout-list.mode-list .post-thumbnail-wrap {\n  width: 50%;\n}\n.blog-shortcode.blog-list-shortcode-id-580bb17d80f84055d95dde204e07eb0d.classic-layout-list.mode-list .post-entry-content {\n  width: calc(100% - 50%);\n}\n.blog-shortcode.blog-list-shortcode-id-580bb17d80f84055d95dde204e07eb0d.classic-layout-list.mode-list .no-img .post-entry-content {\n  width: 100%;\n}\n.blog-shortcode.blog-list-shortcode-id-580bb17d80f84055d95dde204e07eb0d .filter-bg-decoration .filter-categories a.act {\n  color: #fff;\n}\n.blog-shortcode.blog-list-shortcode-id-580bb17d80f84055d95dde204e07eb0d:not(.mode-masonry) article {\n  margin-top: 50px;\n}\n.blog-shortcode.blog-list-shortcode-id-580bb17d80f84055d95dde204e07eb0d:not(.mode-masonry) article:first-of-type,\n.blog-shortcode.blog-list-shortcode-id-580bb17d80f84055d95dde204e07eb0d:not(.mode-masonry) article.visible.first:not(.product) {\n  margin-top: 0;\n}\n.blog-shortcode.blog-list-shortcode-id-580bb17d80f84055d95dde204e07eb0d.dividers-on:not(.mode-masonry) article {\n  margin-top: 0;\n  padding-top: 50px;\n}\n.blog-shortcode.blog-list-shortcode-id-580bb17d80f84055d95dde204e07eb0d.dividers-on:not(.mode-masonry) article:first-of-type,\n.blog-shortcode.blog-list-shortcode-id-580bb17d80f84055d95dde204e07eb0d.dividers-on:not(.mode-masonry) article.visible.first:not(.product) {\n  margin-top: 0;\n  padding-top: 0;\n}\n.blog-shortcode.blog-list-shortcode-id-580bb17d80f84055d95dde204e07eb0d .post-thumbnail-wrap {\n  padding: 0px 0px 0px 0px;\n}\n.blog-shortcode.blog-list-shortcode-id-580bb17d80f84055d95dde204e07eb0d.enable-bg-rollover .post-thumbnail-rollover:after {\n  background: -webkit-linear-gradient();\n  background: linear-gradient();\n}\n.blog-shortcode.blog-list-shortcode-id-580bb17d80f84055d95dde204e07eb0d .gallery-zoom-ico {\n  width: 44px;\n  height: 44px;\n  line-height: 44px;\n  border-radius: 100px;\n  margin: -22px 0 0 -22px;\n  border-width: 0px;\n  color: #ffffff;\n}\n.bottom-overlap-layout-list.blog-shortcode.blog-list-shortcode-id-580bb17d80f84055d95dde204e07eb0d .gallery-zoom-ico {\n  margin-top: -22px;\n}\n.gradient-overlay-layout-list.blog-shortcode.blog-list-shortcode-id-580bb17d80f84055d95dde204e07eb0d .gallery-zoom-ico,\n.content-rollover-layout-list.blog-shortcode.blog-list-shortcode-id-580bb17d80f84055d95dde204e07eb0d .gallery-zoom-ico {\n  margin: 0 0 10px;\n}\n.content-align-center.gradient-overlay-layout-list.blog-shortcode.blog-list-shortcode-id-580bb17d80f84055d95dde204e07eb0d .gallery-zoom-ico,\n.content-align-center.content-rollover-layout-list.blog-shortcode.blog-list-shortcode-id-580bb17d80f84055d95dde204e07eb0d .gallery-zoom-ico {\n  margin: 0 auto 10px;\n}\n.dt-icon-bg-on.blog-shortcode.blog-list-shortcode-id-580bb17d80f84055d95dde204e07eb0d .gallery-zoom-ico {\n  background: rgba(255,255,255,0.3);\n  box-shadow: none;\n}\n.blog-shortcode.blog-list-shortcode-id-580bb17d80f84055d95dde204e07eb0d .gallery-zoom-ico > span,\n.blog-shortcode.blog-list-shortcode-id-580bb17d80f84055d95dde204e07eb0d .gallery-zoom-ico:before {\n  font-size: 32px;\n  line-height: 44px;\n}\n.blog-shortcode.blog-list-shortcode-id-580bb17d80f84055d95dde204e07eb0d .gallery-zoom-ico > span,\n.blog-shortcode.blog-list-shortcode-id-580bb17d80f84055d95dde204e07eb0d .gallery-zoom-ico:before {\n  color: #ffffff;\n}\n.blog-shortcode.blog-list-shortcode-id-580bb17d80f84055d95dde204e07eb0d .fancy-date a {\n  background: #ffffff;\n  box-shadow: none;\n}\n.blog-shortcode.blog-list-shortcode-id-580bb17d80f84055d95dde204e07eb0d .fancy-date a * {\n  color: #2d2d2d;\n}\n.blog-shortcode.blog-list-shortcode-id-580bb17d80f84055d95dde204e07eb0d .entry-title,\n.blog-shortcode.blog-list-shortcode-id-580bb17d80f84055d95dde204e07eb0d.owl-carousel .entry-title {\n  margin-bottom: 5px;\n  font-weight: bold;\n}\n.blog-shortcode.blog-list-shortcode-id-580bb17d80f84055d95dde204e07eb0d .entry-meta {\n  margin-bottom: 15px;\n}\n.blog-shortcode.blog-list-shortcode-id-580bb17d80f84055d95dde204e07eb0d .portfolio-categories {\n  margin-bottom: 15px;\n}\n.blog-shortcode.blog-list-shortcode-id-580bb17d80f84055d95dde204e07eb0d .entry-excerpt {\n  margin-bottom: 5px;\n}\n.blog-shortcode.blog-list-shortcode-id-580bb17d80f84055d95dde204e07eb0d:not(.centered-layout-list) .post-entry-content {\n  padding: 25px 30px 30px 30px;\n}\n.blog-shortcode.blog-list-shortcode-id-580bb17d80f84055d95dde204e07eb0d:not(.centered-layout-list):not(.content-bg-on):not(.mode-list) .no-img .post-entry-content {\n  padding: 0;\n}\n@media screen and (max-width: 768px) {\n  .blog-shortcode.blog-list-shortcode-id-580bb17d80f84055d95dde204e07eb0d article {\n    -ms-flex-flow: column nowrap;\n    flex-flow: column nowrap;\n    margin-top: 20px;\n  }\n  .blog-shortcode.blog-list-shortcode-id-580bb17d80f84055d95dde204e07eb0d.dividers-on article {\n    border: none;\n  }\n  .blog-shortcode.blog-list-shortcode-id-580bb17d80f84055d95dde204e07eb0d.content-bg-on.centered-layout-list article {\n    padding: 0;\n  }\n  .blog-shortcode.blog-list-shortcode-id-580bb17d80f84055d95dde204e07eb0d.blog-shortcode.dividers-on article,\n  .blog-shortcode.blog-list-shortcode-id-580bb17d80f84055d95dde204e07eb0d.dividers-on.classic-layout-list article {\n    margin-top: 20px;\n    padding: 0;\n  }\n  .blog-shortcode.blog-list-shortcode-id-580bb17d80f84055d95dde204e07eb0d.blog-shortcode.dividers-on article:first-of-type,\n  .blog-shortcode.blog-list-shortcode-id-580bb17d80f84055d95dde204e07eb0d.dividers-on.classic-layout-list article:first-of-type {\n    padding: 0;\n  }\n  #page .blog-shortcode.blog-list-shortcode-id-580bb17d80f84055d95dde204e07eb0d .post-thumbnail-wrap,\n  #page .blog-shortcode.blog-list-shortcode-id-580bb17d80f84055d95dde204e07eb0d .post-entry-content {\n    width: 100%;\n    margin: 0;\n    top: 0;\n  }\n  #page .blog-shortcode.blog-list-shortcode-id-580bb17d80f84055d95dde204e07eb0d .post-thumbnail-wrap {\n    padding: 0;\n  }\n  #page .blog-shortcode.blog-list-shortcode-id-580bb17d80f84055d95dde204e07eb0d .post-entry-content:after {\n    display: none;\n  }\n  #page .blog-shortcode.blog-list-shortcode-id-580bb17d80f84055d95dde204e07eb0d .project-even .post-thumbnail-wrap,\n  #page .blog-shortcode.blog-list-shortcode-id-580bb17d80f84055d95dde204e07eb0d.centered-layout-list .post-thumbnail-wrap {\n    -ms-flex-order: 0;\n    order: 0;\n  }\n  #page .blog-shortcode.blog-list-shortcode-id-580bb17d80f84055d95dde204e07eb0d.centered-layout-list .post-entry-title-content {\n    -ms-flex-order: 1;\n    order: 1;\n    width: 100%;\n    padding: 20px 20px 0;\n  }\n  #page .blog-shortcode.blog-list-shortcode-id-580bb17d80f84055d95dde204e07eb0d.centered-layout-list .post-entry-content {\n    -ms-flex-order: 2;\n    order: 2;\n    padding-top: 0;\n  }\n  #page .blog-shortcode.blog-list-shortcode-id-580bb17d80f84055d95dde204e07eb0d .fancy-categories {\n    top: 10px;\n    left: 10px;\n    bottom: auto;\n    right: auto;\n  }\n  #page .blog-shortcode.blog-list-shortcode-id-580bb17d80f84055d95dde204e07eb0d .fancy-date a {\n    top: 10px;\n    right: 10px;\n    left: auto;\n    bottom: auto;\n  }\n  #page .blog-shortcode.blog-list-shortcode-id-580bb17d80f84055d95dde204e07eb0d .post-entry-content {\n    padding: 20px;\n  }\n  #page .blog-shortcode.blog-list-shortcode-id-580bb17d80f84055d95dde204e07eb0d .entry-title {\n    margin: 3px 0 5px;\n    font-size: 20px;\n    line-height: 26px;\n  }\n  #page .blog-shortcode.blog-list-shortcode-id-580bb17d80f84055d95dde204e07eb0d .entry-meta {\n    margin: 5px 0 5px;\n  }\n  #page .blog-shortcode.blog-list-shortcode-id-580bb17d80f84055d95dde204e07eb0d .entry-excerpt {\n    margin: 15px 0 0;\n  }\n  #page .blog-shortcode.blog-list-shortcode-id-580bb17d80f84055d95dde204e07eb0d .post-details {\n    margin: 5px 0 10px;\n  }\n  #page .blog-shortcode.blog-list-shortcode-id-580bb17d80f84055d95dde204e07eb0d .post-details.details-type-link {\n    margin-bottom: 2px;\n  }\n}\n<\/style><div class=\"articles-list blog-shortcode mode-list blog-list-shortcode-id-580bb17d80f84055d95dde204e07eb0d classic-layout-list content-bg-on jquery-filter scale-img dt-icon-bg-off loading-effect-fade-in\" data-cur-page=\"1\" data-post-limit=\"-1\" data-pagination-mode=\"none\"><article class=\"post project-odd visible post-2312 type-post status-publish format-standard has-post-thumbnail hentry category-akcie-a-podujatia category-15 description-off\" data-name=\"Stretnutie v Kom\u00e1rne 9.9.2023\" data-date=\"2023-10-12T10:22:28+00:00\">\n\n<div class=\"post-thumbnail-wrap\">\n\t<div class=\"post-thumbnail\">\n\n\t\t\n\t\t\n\t\t<a href=\"https:\/\/www.lodnici.sk\/de\/stretnutie-v-komarne-9-9-2023\/\" class=\"post-thumbnail-rollover layzr-bg layzr-bg\" ><img class=\"blog-thumb-lazy-load preload-me lazy-load aspect\" src=\"data:image\/svg+xml,%3Csvg%20xmlns%3D&#39;http%3A%2F%2Fwww.w3.org%2F2000%2Fsvg&#39;%20viewBox%3D&#39;0%200%20768%20512&#39;%2F%3E\" data-src=\"https:\/\/www.lodnici.sk\/wp-content\/uploads\/stretnutie-2023-image-8-768x512.jpg\" data-srcset=\"https:\/\/www.lodnici.sk\/wp-content\/uploads\/stretnutie-2023-image-8-768x512.jpg 768w, https:\/\/www.lodnici.sk\/wp-content\/uploads\/stretnutie-2023-image-8-1306x870.jpg 1306w\" loading=\"eager\" style=\"--ratio: 768 \/ 512\" sizes=\"(max-width: 768px) 100vw, 768px\" alt=\"Stretnutie \u010dlenov Oz Lodn\u00edci Sk v Kom\u00e1rne 9.9.2023\" title=\"Stretnutie \u010dlenov Oz Lodn\u00edci Sk v Kom\u00e1rne 9.9.2023\" width=\"768\" height=\"512\"  \/><\/a>\n\t<\/div>\n<\/div>\n\n\n<div class=\"post-entry-content\">\n\n\t<h3 class=\"entry-title\">\n\t\t<a href=\"https:\/\/www.lodnici.sk\/de\/stretnutie-v-komarne-9-9-2023\/\" title=\"Stretnutie v Kom\u00e1rne 9.9.2023\" rel=\"bookmark\">Stretnutie v Kom\u00e1rne 9.9.2023<\/a>\n\t<\/h3>\n\n\t<div class=\"entry-meta\"><span class=\"category-link\"><a href=\"https:\/\/www.lodnici.sk\/de\/category\/akcie-a-podujatia\/\" >Akcie a podujatia<\/a><\/span><a href=\"https:\/\/www.lodnici.sk\/de\/2023\/10\/12\/\" title=\"10:22\" class=\"data-link\" rel=\"bookmark\"><time class=\"entry-date updated\" datetime=\"2023-10-12T10:22:28+00:00\">12.Oktober 2023<\/time><\/a><\/div>\n\t\n\t\n<a href=\"https:\/\/www.lodnici.sk\/de\/stretnutie-v-komarne-9-9-2023\/\" class=\"post-details details-type-link\" aria-label=\"Read more about Stretnutie v Kom\u00e1rne 9.9.2023\">Cel\u00fd \u010dl\u00e1nok<i class=\"dt-icon-the7-arrow-03\" aria-hidden=\"true\"><\/i><\/a>\n\n<\/div><\/article><article class=\"post project-odd visible post-2289 type-post status-publish format-standard has-post-thumbnail hentry category-akcie-a-podujatia category-15 description-off\" data-name=\"Stretnutie v Tren\u010d\u00edne v apr\u00edli 2023\" data-date=\"2023-05-06T19:01:27+00:00\">\n\n<div class=\"post-thumbnail-wrap\">\n\t<div class=\"post-thumbnail\">\n\n\t\t\n\t\t\n\t\t<a href=\"https:\/\/www.lodnici.sk\/de\/stretnutie-v-trencine-v-aprili-2023\/\" class=\"post-thumbnail-rollover layzr-bg layzr-bg\" ><img class=\"blog-thumb-lazy-load preload-me lazy-load aspect\" src=\"data:image\/svg+xml,%3Csvg%20xmlns%3D&#39;http%3A%2F%2Fwww.w3.org%2F2000%2Fsvg&#39;%20viewBox%3D&#39;0%200%20768%20512&#39;%2F%3E\" data-src=\"https:\/\/www.lodnici.sk\/wp-content\/uploads\/trencin-2023-2-768x512.jpg\" data-srcset=\"https:\/\/www.lodnici.sk\/wp-content\/uploads\/trencin-2023-2-768x512.jpg 768w, https:\/\/www.lodnici.sk\/wp-content\/uploads\/trencin-2023-2-1306x870.jpg 1306w\" loading=\"eager\" style=\"--ratio: 768 \/ 512\" sizes=\"(max-width: 768px) 100vw, 768px\" alt=\"Stretnutie v Tre\u010d\u00edne 2023\" title=\"Stretnutie v Tre\u010d\u00edne 2023\" width=\"768\" height=\"512\"  \/><\/a>\n\t<\/div>\n<\/div>\n\n\n<div class=\"post-entry-content\">\n\n\t<h3 class=\"entry-title\">\n\t\t<a href=\"https:\/\/www.lodnici.sk\/de\/stretnutie-v-trencine-v-aprili-2023\/\" title=\"Stretnutie v Tren\u010d\u00edne v apr\u00edli 2023\" rel=\"bookmark\">Stretnutie v Tren\u010d\u00edne v apr\u00edli 2023<\/a>\n\t<\/h3>\n\n\t<div class=\"entry-meta\"><span class=\"category-link\"><a href=\"https:\/\/www.lodnici.sk\/de\/category\/akcie-a-podujatia\/\" >Akcie a podujatia<\/a><\/span><a href=\"https:\/\/www.lodnici.sk\/de\/2023\/05\/06\/\" title=\"19:01\" class=\"data-link\" rel=\"bookmark\"><time class=\"entry-date updated\" datetime=\"2023-05-06T19:01:27+00:00\">6.Mai 2023<\/time><\/a><\/div>\n\t\n\t\n<a href=\"https:\/\/www.lodnici.sk\/de\/stretnutie-v-trencine-v-aprili-2023\/\" class=\"post-details details-type-link\" aria-label=\"Read more about Stretnutie v Tren\u010d\u00edne v apr\u00edli 2023\">Cel\u00fd \u010dl\u00e1nok<i class=\"dt-icon-the7-arrow-03\" aria-hidden=\"true\"><\/i><\/a>\n\n<\/div><\/article><article class=\"post project-odd visible post-2280 type-post status-publish format-standard has-post-thumbnail hentry category-akcie-a-podujatia category-15 description-off\" data-name=\"Stretnutie v \u017diline 2022\" data-date=\"2022-09-20T12:33:28+00:00\">\n\n<div class=\"post-thumbnail-wrap\">\n\t<div class=\"post-thumbnail\">\n\n\t\t\n\t\t\n\t\t<a href=\"https:\/\/www.lodnici.sk\/de\/stretnutie-v-ziline-2022\/\" class=\"post-thumbnail-rollover layzr-bg layzr-bg\" ><img class=\"blog-thumb-lazy-load preload-me lazy-load aspect\" src=\"data:image\/svg+xml,%3Csvg%20xmlns%3D&#39;http%3A%2F%2Fwww.w3.org%2F2000%2Fsvg&#39;%20viewBox%3D&#39;0%200%20768%20512&#39;%2F%3E\" data-src=\"https:\/\/www.lodnici.sk\/wp-content\/uploads\/stretnutie-bratislava-2021-2-768x512.jpg\" data-srcset=\"https:\/\/www.lodnici.sk\/wp-content\/uploads\/stretnutie-bratislava-2021-2-768x512.jpg 768w, https:\/\/www.lodnici.sk\/wp-content\/uploads\/stretnutie-bratislava-2021-2-1200x799.jpg 1200w\" loading=\"eager\" style=\"--ratio: 768 \/ 512\" sizes=\"(max-width: 768px) 100vw, 768px\" alt=\"Stretnutie Bratislava 2021\" title=\"Stretnutie Bratislava 2021\" width=\"768\" height=\"512\"  \/><\/a>\n\t<\/div>\n<\/div>\n\n\n<div class=\"post-entry-content\">\n\n\t<h3 class=\"entry-title\">\n\t\t<a href=\"https:\/\/www.lodnici.sk\/de\/stretnutie-v-ziline-2022\/\" title=\"Stretnutie v \u017diline 2022\" rel=\"bookmark\">Stretnutie v \u017diline 2022<\/a>\n\t<\/h3>\n\n\t<div class=\"entry-meta\"><span class=\"category-link\"><a href=\"https:\/\/www.lodnici.sk\/de\/category\/akcie-a-podujatia\/\" >Akcie a podujatia<\/a><\/span><a href=\"https:\/\/www.lodnici.sk\/de\/2022\/09\/20\/\" title=\"12:33\" class=\"data-link\" rel=\"bookmark\"><time class=\"entry-date updated\" datetime=\"2022-09-20T12:33:28+00:00\">20.September 2022<\/time><\/a><\/div>\n\t\n\t\n<a href=\"https:\/\/www.lodnici.sk\/de\/stretnutie-v-ziline-2022\/\" class=\"post-details details-type-link\" aria-label=\"Read more about Stretnutie v \u017diline 2022\">Cel\u00fd \u010dl\u00e1nok<i class=\"dt-icon-the7-arrow-03\" aria-hidden=\"true\"><\/i><\/a>\n\n<\/div><\/article><article class=\"post project-odd visible post-2235 type-post status-publish format-standard has-post-thumbnail hentry category-akcie-a-podujatia category-15 description-off\" data-name=\"Stretnutie lodn\u00edkov Bratislava 2021\" data-date=\"2021-11-15T21:52:20+00:00\">\n\n<div class=\"post-thumbnail-wrap\">\n\t<div class=\"post-thumbnail\">\n\n\t\t\n\t\t\n\t\t<a href=\"https:\/\/www.lodnici.sk\/de\/stretnutie-lodnikov-bratislava-2021\/\" class=\"post-thumbnail-rollover layzr-bg layzr-bg\" ><img class=\"blog-thumb-lazy-load preload-me lazy-load aspect\" src=\"data:image\/svg+xml,%3Csvg%20xmlns%3D&#39;http%3A%2F%2Fwww.w3.org%2F2000%2Fsvg&#39;%20viewBox%3D&#39;0%200%20768%20512&#39;%2F%3E\" data-src=\"https:\/\/www.lodnici.sk\/wp-content\/uploads\/stretnutie-bratislava-2021-2-768x512.jpg\" data-srcset=\"https:\/\/www.lodnici.sk\/wp-content\/uploads\/stretnutie-bratislava-2021-2-768x512.jpg 768w, https:\/\/www.lodnici.sk\/wp-content\/uploads\/stretnutie-bratislava-2021-2-1200x799.jpg 1200w\" loading=\"eager\" style=\"--ratio: 768 \/ 512\" sizes=\"(max-width: 768px) 100vw, 768px\" alt=\"Stretnutie Bratislava 2021\" title=\"Stretnutie Bratislava 2021\" width=\"768\" height=\"512\"  \/><\/a>\n\t<\/div>\n<\/div>\n\n\n<div class=\"post-entry-content\">\n\n\t<h3 class=\"entry-title\">\n\t\t<a href=\"https:\/\/www.lodnici.sk\/de\/stretnutie-lodnikov-bratislava-2021\/\" title=\"Stretnutie lodn\u00edkov Bratislava 2021\" rel=\"bookmark\">Stretnutie lodn\u00edkov Bratislava 2021<\/a>\n\t<\/h3>\n\n\t<div class=\"entry-meta\"><span class=\"category-link\"><a href=\"https:\/\/www.lodnici.sk\/de\/category\/akcie-a-podujatia\/\" >Akcie a podujatia<\/a><\/span><a href=\"https:\/\/www.lodnici.sk\/de\/2021\/11\/15\/\" title=\"21:52\" class=\"data-link\" rel=\"bookmark\"><time class=\"entry-date updated\" datetime=\"2021-11-15T21:52:20+00:00\">15.November 2021<\/time><\/a><\/div>\n\t\n\t\n<a href=\"https:\/\/www.lodnici.sk\/de\/stretnutie-lodnikov-bratislava-2021\/\" class=\"post-details details-type-link\" aria-label=\"Read more about Stretnutie lodn\u00edkov Bratislava 2021\">Cel\u00fd \u010dl\u00e1nok<i class=\"dt-icon-the7-arrow-03\" aria-hidden=\"true\"><\/i><\/a>\n\n<\/div><\/article><article class=\"post project-odd visible post-2229 type-post status-publish format-standard has-post-thumbnail hentry category-akcie-a-podujatia category-15 description-off\" data-name=\"Stretnutie lodn\u00edkov \u017dilina\" data-date=\"2021-10-23T17:45:58+00:00\">\n\n<div class=\"post-thumbnail-wrap\">\n\t<div class=\"post-thumbnail\">\n\n\t\t\n\t\t\n\t\t<a href=\"https:\/\/www.lodnici.sk\/de\/na-pamiatku-obetiam-tr-dumbier\/\" class=\"post-thumbnail-rollover layzr-bg layzr-bg\" ><img class=\"blog-thumb-lazy-load preload-me lazy-load aspect\" src=\"data:image\/svg+xml,%3Csvg%20xmlns%3D&#39;http%3A%2F%2Fwww.w3.org%2F2000%2Fsvg&#39;%20viewBox%3D&#39;0%200%20720%20480&#39;%2F%3E\" data-src=\"https:\/\/www.lodnici.sk\/wp-content\/uploads\/na-pamiatku-obetiam-tr-dumbier-2-720x480.jpg\" data-srcset=\"https:\/\/www.lodnici.sk\/wp-content\/uploads\/na-pamiatku-obetiam-tr-dumbier-2-720x480.jpg 720w, https:\/\/www.lodnici.sk\/wp-content\/uploads\/na-pamiatku-obetiam-tr-dumbier-2-720x479.jpg 720w\" loading=\"eager\" style=\"--ratio: 720 \/ 480\" sizes=\"(max-width: 720px) 100vw, 720px\" alt=\"Na pamiatku obetiam TR \u010eumbier\" title=\"Na pamiatku obetiam TR \u010eumbier\" width=\"720\" height=\"480\"  \/><\/a>\n\t<\/div>\n<\/div>\n\n\n<div class=\"post-entry-content\">\n\n\t<h3 class=\"entry-title\">\n\t\t<a href=\"https:\/\/www.lodnici.sk\/de\/na-pamiatku-obetiam-tr-dumbier\/\" title=\"Stretnutie lodn\u00edkov \u017dilina\" rel=\"bookmark\">Stretnutie lodn\u00edkov \u017dilina<\/a>\n\t<\/h3>\n\n\t<div class=\"entry-meta\"><span class=\"category-link\"><a href=\"https:\/\/www.lodnici.sk\/de\/category\/akcie-a-podujatia\/\" >Akcie a podujatia<\/a><\/span><a href=\"https:\/\/www.lodnici.sk\/de\/2021\/10\/23\/\" title=\"17:45\" class=\"data-link\" rel=\"bookmark\"><time class=\"entry-date updated\" datetime=\"2021-10-23T17:45:58+00:00\">23.Oktober 2021<\/time><\/a><\/div>\n\t\n\t\n<a href=\"https:\/\/www.lodnici.sk\/de\/na-pamiatku-obetiam-tr-dumbier\/\" class=\"post-details details-type-link\" aria-label=\"Read more about Stretnutie lodn\u00edkov \u017dilina\">Cel\u00fd \u010dl\u00e1nok<i class=\"dt-icon-the7-arrow-03\" aria-hidden=\"true\"><\/i><\/a>\n\n<\/div><\/article><article class=\"post project-odd visible post-2215 type-post status-publish format-standard has-post-thumbnail hentry category-akcie-a-podujatia category-15 description-off\" data-name=\"Stretnutie lodn\u00edkov \u017dilina\" data-date=\"2021-05-25T12:48:38+00:00\">\n\n<div class=\"post-thumbnail-wrap\">\n\t<div class=\"post-thumbnail\">\n\n\t\t\n\t\t\n\t\t<a href=\"https:\/\/www.lodnici.sk\/de\/stretnutie-lodnikov-zilina\/\" class=\"post-thumbnail-rollover layzr-bg layzr-bg\" ><img class=\"blog-thumb-lazy-load preload-me lazy-load aspect\" src=\"data:image\/svg+xml,%3Csvg%20xmlns%3D&#39;http%3A%2F%2Fwww.w3.org%2F2000%2Fsvg&#39;%20viewBox%3D&#39;0%200%20768%20512&#39;%2F%3E\" data-src=\"https:\/\/www.lodnici.sk\/wp-content\/uploads\/stretnutie-zilina-3-768x512.jpg\" data-srcset=\"https:\/\/www.lodnici.sk\/wp-content\/uploads\/stretnutie-zilina-3-768x512.jpg 768w, https:\/\/www.lodnici.sk\/wp-content\/uploads\/stretnutie-zilina-3-1200x799.jpg 1200w\" loading=\"eager\" style=\"--ratio: 768 \/ 512\" sizes=\"(max-width: 768px) 100vw, 768px\" alt=\"Stretnutie lodn\u00edkov \u017dilina 2021\" title=\"Stretnutie lodn\u00edkov \u017dilina 2021\" width=\"768\" height=\"512\"  \/><\/a>\n\t<\/div>\n<\/div>\n\n\n<div class=\"post-entry-content\">\n\n\t<h3 class=\"entry-title\">\n\t\t<a href=\"https:\/\/www.lodnici.sk\/de\/stretnutie-lodnikov-zilina\/\" title=\"Stretnutie lodn\u00edkov \u017dilina\" rel=\"bookmark\">Stretnutie lodn\u00edkov \u017dilina<\/a>\n\t<\/h3>\n\n\t<div class=\"entry-meta\"><span class=\"category-link\"><a href=\"https:\/\/www.lodnici.sk\/de\/category\/akcie-a-podujatia\/\" >Akcie a podujatia<\/a><\/span><a href=\"https:\/\/www.lodnici.sk\/de\/2021\/05\/25\/\" title=\"12:48\" class=\"data-link\" rel=\"bookmark\"><time class=\"entry-date updated\" datetime=\"2021-05-25T12:48:38+00:00\">25.Mai 2021<\/time><\/a><\/div>\n\t\n\t\n<a href=\"https:\/\/www.lodnici.sk\/de\/stretnutie-lodnikov-zilina\/\" class=\"post-details details-type-link\" aria-label=\"Read more about Stretnutie lodn\u00edkov \u017dilina\">Cel\u00fd \u010dl\u00e1nok<i class=\"dt-icon-the7-arrow-03\" aria-hidden=\"true\"><\/i><\/a>\n\n<\/div><\/article><article class=\"post project-odd visible post-2093 type-post status-publish format-standard has-post-thumbnail hentry category-akcie-a-podujatia category-15 description-off\" data-name=\"Stretnutie lodn\u00edkov Kom\u00e1rno\" data-date=\"2020-10-09T18:50:53+00:00\">\n\n<div class=\"post-thumbnail-wrap\">\n\t<div class=\"post-thumbnail\">\n\n\t\t\n\t\t\n\t\t<a href=\"https:\/\/www.lodnici.sk\/de\/stretnutie-lodnikov-komarno\/\" class=\"post-thumbnail-rollover layzr-bg layzr-bg\" ><img class=\"blog-thumb-lazy-load preload-me lazy-load aspect\" src=\"data:image\/svg+xml,%3Csvg%20xmlns%3D&#39;http%3A%2F%2Fwww.w3.org%2F2000%2Fsvg&#39;%20viewBox%3D&#39;0%200%20768%20512&#39;%2F%3E\" data-src=\"https:\/\/www.lodnici.sk\/wp-content\/uploads\/stretnutie-lodnikov-komarno-768x512.jpg\" data-srcset=\"https:\/\/www.lodnici.sk\/wp-content\/uploads\/stretnutie-lodnikov-komarno-768x512.jpg 768w, https:\/\/www.lodnici.sk\/wp-content\/uploads\/stretnutie-lodnikov-komarno-1200x799.jpg 1200w\" loading=\"eager\" style=\"--ratio: 768 \/ 512\" sizes=\"(max-width: 768px) 100vw, 768px\" alt=\"Stretnutie lodn\u00edkov Kom\u00e1rno\" title=\"Stretnutie lodn\u00edkov Kom\u00e1rno\" width=\"768\" height=\"512\"  \/><\/a>\n\t<\/div>\n<\/div>\n\n\n<div class=\"post-entry-content\">\n\n\t<h3 class=\"entry-title\">\n\t\t<a href=\"https:\/\/www.lodnici.sk\/de\/stretnutie-lodnikov-komarno\/\" title=\"Stretnutie lodn\u00edkov Kom\u00e1rno\" rel=\"bookmark\">Stretnutie lodn\u00edkov Kom\u00e1rno<\/a>\n\t<\/h3>\n\n\t<div class=\"entry-meta\"><span class=\"category-link\"><a href=\"https:\/\/www.lodnici.sk\/de\/category\/akcie-a-podujatia\/\" >Akcie a podujatia<\/a><\/span><a href=\"https:\/\/www.lodnici.sk\/de\/2020\/10\/09\/\" title=\"18:50\" class=\"data-link\" rel=\"bookmark\"><time class=\"entry-date updated\" datetime=\"2020-10-09T18:50:53+00:00\">9.Oktober 2020<\/time><\/a><\/div>\n\t\n\t\n<a href=\"https:\/\/www.lodnici.sk\/de\/stretnutie-lodnikov-komarno\/\" class=\"post-details details-type-link\" aria-label=\"Read more about Stretnutie lodn\u00edkov Kom\u00e1rno\">Cel\u00fd \u010dl\u00e1nok<i class=\"dt-icon-the7-arrow-03\" aria-hidden=\"true\"><\/i><\/a>\n\n<\/div><\/article><article class=\"post project-odd visible post-865 type-post status-publish format-standard has-post-thumbnail hentry category-akcie-a-podujatia category-15 description-off\" data-name=\"Stretnutie lodn\u00edkov Bratislava\" data-date=\"2020-08-21T09:41:22+00:00\">\n\n<div class=\"post-thumbnail-wrap\">\n\t<div class=\"post-thumbnail\">\n\n\t\t\n\t\t\n\t\t<a href=\"https:\/\/www.lodnici.sk\/de\/stretnutie-lodnikov-bratislava\/\" class=\"post-thumbnail-rollover layzr-bg layzr-bg\" ><img class=\"blog-thumb-lazy-load preload-me lazy-load aspect\" src=\"data:image\/svg+xml,%3Csvg%20xmlns%3D&#39;http%3A%2F%2Fwww.w3.org%2F2000%2Fsvg&#39;%20viewBox%3D&#39;0%200%20768%20512&#39;%2F%3E\" data-src=\"https:\/\/www.lodnici.sk\/wp-content\/uploads\/stretnutie-lodnikov-bratislava-768x512.jpg\" data-srcset=\"https:\/\/www.lodnici.sk\/wp-content\/uploads\/stretnutie-lodnikov-bratislava-768x512.jpg 768w, https:\/\/www.lodnici.sk\/wp-content\/uploads\/stretnutie-lodnikov-bratislava-1200x799.jpg 1200w\" loading=\"eager\" style=\"--ratio: 768 \/ 512\" sizes=\"(max-width: 768px) 100vw, 768px\" alt=\"Stretnutie lodn\u00edkov Bratislava\" title=\"Stretnutie lodn\u00edkov Bratislava\" width=\"768\" height=\"512\"  \/><\/a>\n\t<\/div>\n<\/div>\n\n\n<div class=\"post-entry-content\">\n\n\t<h3 class=\"entry-title\">\n\t\t<a href=\"https:\/\/www.lodnici.sk\/de\/stretnutie-lodnikov-bratislava\/\" title=\"Stretnutie lodn\u00edkov Bratislava\" rel=\"bookmark\">Stretnutie lodn\u00edkov Bratislava<\/a>\n\t<\/h3>\n\n\t<div class=\"entry-meta\"><span class=\"category-link\"><a href=\"https:\/\/www.lodnici.sk\/de\/category\/akcie-a-podujatia\/\" >Akcie a podujatia<\/a><\/span><a href=\"https:\/\/www.lodnici.sk\/de\/2020\/08\/21\/\" title=\"9:41\" class=\"data-link\" rel=\"bookmark\"><time class=\"entry-date updated\" datetime=\"2020-08-21T09:41:22+00:00\">21.August 2020<\/time><\/a><\/div>\n\t\n\t\n<a href=\"https:\/\/www.lodnici.sk\/de\/stretnutie-lodnikov-bratislava\/\" class=\"post-details details-type-link\" aria-label=\"Read more about Stretnutie lodn\u00edkov Bratislava\">Cel\u00fd \u010dl\u00e1nok<i class=\"dt-icon-the7-arrow-03\" aria-hidden=\"true\"><\/i><\/a>\n\n<\/div><\/article><\/div>[\/vc_column][\/vc_row]<\/p>\n<\/section>","protected":false},"excerpt":{"rendered":"<p>[vc_row][vc_column][\/vc_column][\/vc_row]<\/p>\n","protected":false},"author":1,"featured_media":0,"parent":0,"menu_order":45,"comment_status":"closed","ping_status":"closed","template":"","meta":[],"aioseo_notices":[],"_links":{"self":[{"href":"https:\/\/www.lodnici.sk\/de\/wp-json\/wp\/v2\/pages\/306"}],"collection":[{"href":"https:\/\/www.lodnici.sk\/de\/wp-json\/wp\/v2\/pages"}],"about":[{"href":"https:\/\/www.lodnici.sk\/de\/wp-json\/wp\/v2\/types\/page"}],"author":[{"embeddable":true,"href":"https:\/\/www.lodnici.sk\/de\/wp-json\/wp\/v2\/users\/1"}],"replies":[{"embeddable":true,"href":"https:\/\/www.lodnici.sk\/de\/wp-json\/wp\/v2\/comments?post=306"}],"version-history":[{"count":0,"href":"https:\/\/www.lodnici.sk\/de\/wp-json\/wp\/v2\/pages\/306\/revisions"}],"wp:attachment":[{"href":"https:\/\/www.lodnici.sk\/de\/wp-json\/wp\/v2\/media?parent=306"}],"curies":[{"name":"wp","href":"https:\/\/api.w.org\/{rel}","templated":true}]}}