{"id":2069,"date":"2020-12-19T18:37:47","date_gmt":"2020-12-19T17:37:47","guid":{"rendered":"https:\/\/www.lodnici.sk\/?page_id=2069"},"modified":"2022-01-04T10:53:08","modified_gmt":"2022-01-04T09:53:08","slug":"o-nas","status":"publish","type":"page","link":"https:\/\/www.lodnici.sk\/de\/o-nas\/","title":{"rendered":"\u00dcber uns"},"content":{"rendered":"<section class=\"wpb-content-wrapper\"><p><\/p>\n<p>[vc_row][vc_column width=&#8220;2\/3&#8243;]<div class=\"standard-arrow bullet-top\"><p>Unsere OZ Lodn\u00edci SK (auf Deutsch: BV Schiffer SK) entstand aufgrund der Empfehlungen der EU-Abgeordneten und staatlichen Institutionen, wie z. B. das Ministerium f\u00fcr Verkehr und Bauwesen der SR, das Ministerium f\u00fcr ausw\u00e4rtige und europ\u00e4ische Angelegenheiten der SR, das Innenministerium der SR, damit wir organisiert sind und auf diese Weise unsere Arbeitsbed\u00fcrfnisse erf\u00fcllen und gemeinsame Interesse erzielen und einander helfen k\u00f6nnen. Wir sind ein wichtiger Bestandteil des weltweiten Verkehrs und wenn Sie daran interessiert sind, unsere Bem\u00fchungen und unsere BV zu unterst\u00fctzen, k\u00f6nnen Sie das in Form einer finanziellen Zuwendung auf unser Konto SLSP SK03 0900 0000 0051 7443 8662 tun. Wenn Sie unsere BV beitreten und die Mitgliedschaftsvorteile genie\u00dfen m\u00f6chten, ein elektronischer Antrag ist hier auf dieser Webseite einzureichen und eine Mitgliedsgeb\u00fchr ist zu zahlen.<\/p>\n<\/div>[\/vc_column][vc_column width=&#8220;1\/3&#8243;][vc_single_image image=&#8220;2021&#8243; img_size=&#8220;full&#8220;][\/vc_column][\/vc_row]<\/p>\n<p><\/p>\n<\/section>","protected":false},"excerpt":{"rendered":"<p>[vc_row][vc_column width=&#8220;2\/3&#8243;][\/vc_column][vc_column width=&#8220;1\/3&#8243;][vc_single_image image=&#8220;2021&#8243; img_size=&#8220;full&#8220;][\/vc_column][\/vc_row]<\/p>\n","protected":false},"author":1,"featured_media":0,"parent":0,"menu_order":1,"comment_status":"closed","ping_status":"closed","template":"","meta":[],"aioseo_notices":[],"_links":{"self":[{"href":"https:\/\/www.lodnici.sk\/de\/wp-json\/wp\/v2\/pages\/2069"}],"collection":[{"href":"https:\/\/www.lodnici.sk\/de\/wp-json\/wp\/v2\/pages"}],"about":[{"href":"https:\/\/www.lodnici.sk\/de\/wp-json\/wp\/v2\/types\/page"}],"author":[{"embeddable":true,"href":"https:\/\/www.lodnici.sk\/de\/wp-json\/wp\/v2\/users\/1"}],"replies":[{"embeddable":true,"href":"https:\/\/www.lodnici.sk\/de\/wp-json\/wp\/v2\/comments?post=2069"}],"version-history":[{"count":0,"href":"https:\/\/www.lodnici.sk\/de\/wp-json\/wp\/v2\/pages\/2069\/revisions"}],"wp:attachment":[{"href":"https:\/\/www.lodnici.sk\/de\/wp-json\/wp\/v2\/media?parent=2069"}],"curies":[{"name":"wp","href":"https:\/\/api.w.org\/{rel}","templated":true}]}}