{"id":2067,"date":"2020-12-19T18:24:19","date_gmt":"2020-12-19T17:24:19","guid":{"rendered":"https:\/\/www.lodnici.sk\/?page_id=2067"},"modified":"2021-12-10T11:59:47","modified_gmt":"2021-12-10T10:59:47","slug":"cinnosti","status":"publish","type":"page","link":"https:\/\/www.lodnici.sk\/de\/cinnosti\/","title":{"rendered":"T\u00e4tigkeiten"},"content":{"rendered":"<section class=\"wpb-content-wrapper\"><p>[vc_row el_id=&#8220;home&#8220;][vc_column][vc_column_text css=&#8220;.vc_custom_1609768953548{padding-bottom: 35px !important;}&#8220;]<\/p>\n<h2>Unsere OZ Lodn\u00edci SK dient zur Vereinigung der in der Slowakei lebenden und im Ausland und in der Slowakei arbeitenden Schiffer. Es ist jedoch m\u00f6glich, dass auch ausl\u00e4ndische Schiffer mit gleichem Interesse an der Sicherung der vom Staat f\u00fcr die Schiffer nicht durchf\u00fchrten Aktivit\u00e4ten beitreten.<\/h2>\n<p>[\/vc_column_text][\/vc_column][\/vc_row][vc_row][vc_column]<div class=\"hr-thin style-dotted accent-border-color\" style=\"width: 100%;border-top-width: 2px;\"><\/div>[vc_empty_space height=&#8220;35px&#8220;][\/vc_column][\/vc_row][vc_row][vc_column width=&#8220;2\/3&#8243;]<div class=\"standard-arrow bullet-top\"><h3>Das Folgende ist unser Ziel:<\/h3>\n<ul>\n<li>die Unterst\u00fctzung des legislativen Lobbyings, der B\u00fcrgerinitiative, der Vertretung der Schiffer, der Ausbildung, der Zusammenarbeit mit verschiedenen Schulungszentren zur Erteilung von Bescheinigungen, Zertifikaten, Berechtigungen auch in einem anderen als in unserem Bereich, und insbesondere die Vertretung der Interessen unserer Mitglieder.<\/li>\n<li>die Zusammenarbeit mit den Staatsverwaltungsorganen und die \u00dcbermittlung von aktuellen Informationen, Neuerungen und Vorteile, die allm\u00e4hlich zunehmen werden.<\/li>\n<li>die Vereinigung der Schiffer aus der ganzen Slowakei, damit sie in den freundlichen Kommunikationen zusammen funktionieren und einander mit den Erfahrungen aus unserer Arbeit bereichern k\u00f6nnten.<\/li>\n<\/ul>\n<p style=\"text-align: right;\">Mit freundlichem Gru\u00df, OZ Lodn\u00edci SK<\/p>\n<\/div>[\/vc_column][vc_column width=&#8220;1\/3&#8243;][vc_single_image image=&#8220;2241&#8243; img_size=&#8220;full&#8220; onclick=&#8220;link_image&#8220;][\/vc_column][\/vc_row]<\/p>\n<\/section>","protected":false},"excerpt":{"rendered":"<p>[vc_row el_id=&#8220;home&#8220;][vc_column][vc_column_text css=&#8220;.vc_custom_1609768953548{padding-bottom: 35px !important;}&#8220;] Unsere OZ Lodn\u00edci SK dient zur Vereinigung der in der Slowakei lebenden und im Ausland und in der Slowakei arbeitenden Schiffer. Es ist jedoch m\u00f6glich, dass auch ausl\u00e4ndische Schiffer mit gleichem Interesse an der Sicherung der vom Staat f\u00fcr die Schiffer nicht durchf\u00fchrten Aktivit\u00e4ten beitreten. [\/vc_column_text][\/vc_column][\/vc_row][vc_row][vc_column][vc_empty_space height=&#8220;35px&#8220;][\/vc_column][\/vc_row][vc_row][vc_column width=&#8220;2\/3&#8243;][\/vc_column][vc_column width=&#8220;1\/3&#8243;][vc_single_image image=&#8220;2241&#8243;&hellip;<\/p>\n","protected":false},"author":1,"featured_media":0,"parent":0,"menu_order":1,"comment_status":"closed","ping_status":"closed","template":"","meta":[],"aioseo_notices":[],"_links":{"self":[{"href":"https:\/\/www.lodnici.sk\/de\/wp-json\/wp\/v2\/pages\/2067"}],"collection":[{"href":"https:\/\/www.lodnici.sk\/de\/wp-json\/wp\/v2\/pages"}],"about":[{"href":"https:\/\/www.lodnici.sk\/de\/wp-json\/wp\/v2\/types\/page"}],"author":[{"embeddable":true,"href":"https:\/\/www.lodnici.sk\/de\/wp-json\/wp\/v2\/users\/1"}],"replies":[{"embeddable":true,"href":"https:\/\/www.lodnici.sk\/de\/wp-json\/wp\/v2\/comments?post=2067"}],"version-history":[{"count":0,"href":"https:\/\/www.lodnici.sk\/de\/wp-json\/wp\/v2\/pages\/2067\/revisions"}],"wp:attachment":[{"href":"https:\/\/www.lodnici.sk\/de\/wp-json\/wp\/v2\/media?parent=2067"}],"curies":[{"name":"wp","href":"https:\/\/api.w.org\/{rel}","templated":true}]}}